{"id":138,"date":"2012-05-24T07:55:44","date_gmt":"2012-05-24T07:55:44","guid":{"rendered":"http:\/\/forst-grunewald.de\/wordpress\/?page_id=138"},"modified":"2025-10-08T05:17:46","modified_gmt":"2025-10-08T04:17:46","slug":"baumriesen","status":"publish","type":"page","link":"https:\/\/forst-grunewald.de\/?page_id=138","title":{"rendered":"B\u00e4ume"},"content":{"rendered":"<p style=\"text-align: justify;\"><a href=\"https:\/\/forst-grunewald.de\/wp-content\/uploads\/2006-CIMG7574-klein.jpg\" target=\"_blank\" rel=\"noopener noreferrer\"><img loading=\"lazy\" decoding=\"async\" class=\"alignright wp-image-146\" title=\"2006 CIMG7574-klein\" src=\"https:\/\/forst-grunewald.de\/wp-content\/uploads\/2006-CIMG7574-klein.jpg\" alt=\"\" width=\"400\" height=\"355\" srcset=\"https:\/\/forst-grunewald.de\/wp-content\/uploads\/2006-CIMG7574-klein.jpg 640w, https:\/\/forst-grunewald.de\/wp-content\/uploads\/2006-CIMG7574-klein-300x266.jpg 300w, https:\/\/forst-grunewald.de\/wp-content\/uploads\/2006-CIMG7574-klein-150x133.jpg 150w, https:\/\/forst-grunewald.de\/wp-content\/uploads\/2006-CIMG7574-klein-400x355.jpg 400w\" sizes=\"auto, (max-width: 400px) 100vw, 400px\" \/><\/a><span style=\"font-family: arial, helvetica, sans-serif; font-size: 12pt;\">Geht es Euch auch so?<\/span><\/p>\n<p style=\"text-align: justify;\"><span style=\"font-family: arial, helvetica, sans-serif; font-size: 12pt;\">Ihr lauft durch den Grunewald und von Zeit zu Zeit kommt Ihr an markanten Punkten vorbei. Meistens ist es ein h\u00fcbscher Aussichtspunkt, oft aber auch einfach nur eine uralte Eiche, die in ihrer kn\u00f6chernen Sch\u00f6nheit &#8211; und meistens umgeben von weitaus j\u00fcngeren B\u00e4umen &#8211; einfach in&#8217;s Auge f\u00e4llt und sich im Hinterkopf festbrennt.<\/span><\/p>\n<p style=\"text-align: justify;\"><span style=\"font-family: arial, helvetica, sans-serif; font-size: 12pt;\">Einige dieser &#8222;alten Riesen&#8220; werde ich in loser Folge auf den Unterseiten ablichten und wenn m\u00f6glich auch in einen geschichtlichen Kontext setzen. Die Untergliederung erfolgt zun\u00e4chst in<\/span><\/p>\n<ul style=\"text-align: justify;\">\n<li><span style=\"font-family: arial, helvetica, sans-serif; font-size: 12pt;\"><a href=\"https:\/\/forst-grunewald.de\/?page_id=3031\" target=\"_blank\" rel=\"noopener noreferrer\">Buchen<\/a><\/span><\/li>\n<li><span style=\"font-family: arial, helvetica, sans-serif; font-size: 12pt;\"><a href=\"https:\/\/forst-grunewald.de\/?page_id=164\" target=\"_blank\" rel=\"noopener noreferrer\">Eichen<\/a><\/span><\/li>\n<li><span style=\"font-family: arial, helvetica, sans-serif; font-size: 12pt;\"><a href=\"https:\/\/forst-grunewald.de\/?page_id=184\" target=\"_blank\" rel=\"noopener noreferrer\">Kiefern<\/a><\/span><\/li>\n<li><span style=\"font-family: arial, helvetica, sans-serif; font-size: 12pt;\"><a href=\"https:\/\/forst-grunewald.de\/?page_id=190\" target=\"_blank\" rel=\"noopener noreferrer\">Linden<\/a><\/span><\/li>\n<li><span style=\"font-family: arial, helvetica, sans-serif; font-size: 12pt;\"><a href=\"https:\/\/forst-grunewald.de\/?page_id=195\" target=\"_blank\" rel=\"noopener noreferrer\">Weiden<\/a><\/span><\/li>\n<\/ul>\n<p style=\"text-align: justify;\"><span style=\"font-family: arial, helvetica, sans-serif; font-size: 12pt;\">und dann nochmals unterteilt nach den Standorten.<\/span><\/p>\n<p style=\"text-align: justify;\"><span style=\"font-family: arial, helvetica, sans-serif; font-size: 12pt;\">Gutes Erinnern!<\/span><\/p>\n<p style=\"text-align: justify;\"><span style=\"font-family: arial, helvetica, sans-serif; font-size: 12pt;\">Leider verlangt angesichts der sehr starken Abholzungen im Grunewald auch dieses Thema mittlerweile Beachtung. Begr\u00fcndet werden die Abholzungen mit dem Klimawandel &#8211; durchgef\u00fchrt werden sie mit dem einem Einsatz von <a href=\"https:\/\/de.wikipedia.org\/wiki\/Holzvollernter\" target=\"_blank\" rel=\"noopener noreferrer\">Holzvollerntemaschinen<\/a>. Hier stellen sich folgende Fragen:<\/span><\/p>\n<ul>\n<li style=\"text-align: justify;\"><span style=\"font-family: arial, helvetica, sans-serif; font-size: 12pt;\"><strong>Was tun die Berliner Forsten? <\/strong><\/span><\/li>\n<li style=\"text-align: justify;\"><span style=\"font-family: arial, helvetica, sans-serif; font-size: 12pt;\"><strong>Und in welchem Verh\u00e4ltnis stehen \u00d6konomie und \u00d6kologie im Grunewald zueinander?<\/strong><\/span><\/li>\n<li style=\"text-align: justify;\"><span style=\"font-family: arial, helvetica, sans-serif; font-size: 12pt;\"><strong>Und auch: Welche Strategie und welche Ziele gilt es f\u00fcr den Grunewald in der Zukunft zu verfolgen?<\/strong><\/span><\/li>\n<\/ul>\n<p><span style=\"color: #000000; font-family: arial, helvetica, sans-serif; font-size: 12pt;\">Ich habe daher auch den Bereich &#8222;<a href=\"https:\/\/forst-grunewald.de\/?page_id=5672\" target=\"_blank\" rel=\"noopener noreferrer\">Waldpflege<\/a>&#8220; hier mit aufgenommen und werde diesen bei Bedarf nach und nach erg\u00e4nzen.<\/span><\/p>\n<p>&nbsp;<\/p>\n<p><span style=\"color: #ffffff;\">.<\/span><\/p>\n","protected":false},"excerpt":{"rendered":"<p>Geht es Euch auch so? Ihr lauft durch den Grunewald und von Zeit zu Zeit kommt Ihr an markanten Punkten vorbei. Meistens ist es ein&hellip;<\/p>\n","protected":false},"author":1,"featured_media":0,"parent":0,"menu_order":0,"comment_status":"closed","ping_status":"closed","template":"","meta":{"ngg_post_thumbnail":0,"iawp_total_views":68,"footnotes":""},"class_list":["post-138","page","type-page","status-publish","hentry"],"_links":{"self":[{"href":"https:\/\/forst-grunewald.de\/index.php?rest_route=\/wp\/v2\/pages\/138","targetHints":{"allow":["GET"]}}],"collection":[{"href":"https:\/\/forst-grunewald.de\/index.php?rest_route=\/wp\/v2\/pages"}],"about":[{"href":"https:\/\/forst-grunewald.de\/index.php?rest_route=\/wp\/v2\/types\/page"}],"author":[{"embeddable":true,"href":"https:\/\/forst-grunewald.de\/index.php?rest_route=\/wp\/v2\/users\/1"}],"replies":[{"embeddable":true,"href":"https:\/\/forst-grunewald.de\/index.php?rest_route=%2Fwp%2Fv2%2Fcomments&post=138"}],"version-history":[{"count":24,"href":"https:\/\/forst-grunewald.de\/index.php?rest_route=\/wp\/v2\/pages\/138\/revisions"}],"predecessor-version":[{"id":43539,"href":"https:\/\/forst-grunewald.de\/index.php?rest_route=\/wp\/v2\/pages\/138\/revisions\/43539"}],"wp:attachment":[{"href":"https:\/\/forst-grunewald.de\/index.php?rest_route=%2Fwp%2Fv2%2Fmedia&parent=138"}],"curies":[{"name":"wp","href":"https:\/\/api.w.org\/{rel}","templated":true}]}}