{"id":13746,"date":"2019-09-06T10:40:27","date_gmt":"2019-09-06T09:40:27","guid":{"rendered":"http:\/\/forst-grunewald.de\/?page_id=13746"},"modified":"2024-05-06T08:35:06","modified_gmt":"2024-05-06T07:35:06","slug":"hundekehle-s-bahn-triebwagenschuppen","status":"publish","type":"page","link":"https:\/\/forst-grunewald.de\/?page_id=13746","title":{"rendered":"Hundekehle S-Bahn-Triebwagenschuppen"},"content":{"rendered":"<p>Westlich des <a href=\"https:\/\/forst-grunewald.de\/?page_id=825\" target=\"_blank\" rel=\"noopener noreferrer\">Hundekehlensee<\/a> liegt das Eisenbahnbetriebswerk mit dem alten Triebwagenschuppen Hundekehle. Der Schuppen ist vom Auerbachtunnel aus zu erreichen. Und zwar \u00fcber eine Einfahrt, welche genau zwischen den beiden Br\u00fccken der Avus und der S-Bahn liegt (<a href=\"https:\/\/forst-grunewald.de\/wp-content\/gallery\/hundekehle-triebwagenschuppen\/2012-06-17-255-hundekehle-klein.jpg\" target=\"_blank\" rel=\"noopener noreferrer\">Galeriebild<\/a>). Folgt man der Wegf\u00fchrung nach S\u00fcden, so liegen links Kleing\u00e4rten und auch der rechten Seite verl\u00e4uft die Avus. Am Ende kann man mit ein bisschen M\u00fche noch Reste von einigen fr\u00fcheren Stehpl\u00e4tzen an der seinerzeitigen Avus-Kehre sehen, sofern diese jetzt nicht der Avus-Sanierung 2012 zum Opfer gefallen sind, was ich vermute. \u00dcber einen 180 Grad Tunnel-Kehre geht es dann Richtung S\u00fcden zur\u00fcck zum alten Triebwagenschuppen. Als Highlight steht dort direkt neben dem Schuppen ein uralter von Str\u00e4uchern \u00fcberwachsener und verfallener Triebwagen der Baureihe 169 (<strong>ET&nbsp;169&nbsp;005b<\/strong> mehr bitte <a href=\"http:\/\/www.stadtschnellbahn-berlin.de\/baureihen\/br169\/index.php\" target=\"_blank\" rel=\"noopener noreferrer\">hier<\/a> und <a href=\"http:\/\/www.drehscheibe-foren.de\/foren\/read.php?17,5853115\" target=\"_blank\" rel=\"noopener noreferrer\">hier<\/a>). Ein Teil des Gel\u00e4ndes ist als Bahngel\u00e4nde nicht mehr in Betrieb, scheinbar gibt es dort auch eine Art Renaturierung, jedenfalls sind einige kleine Gel\u00e4ndefl\u00e4chen mit &#8222;Froschz\u00e4unen&#8220; umgeben und kleine &#8222;Eidechsenh\u00fcgel&#8220; sind aufgesch\u00fcttet.<br \/>\nVom dortigen Stellwerk aus existiert ein Tunnel, durch welchem man in Richtung Hundekehlensee gelangen kann. Leider ist der Tunnel zum Ausgang hin verschlossen (Galerie).<br \/>\nDen uralten Triebwagen habe ich 2006 das erste mal gesehen, ich war gel\u00e4ndeneugierig und bin damals einfach mit meinem Lauftreff dort entlanggelaufen. 2012 war ich dann erneut dort und habe mich gefreut, das der alte Wagon noch immer da war. F\u00fcr die Eisenbahnfreunde habe ich hier auch eine kleine Galerie beigef\u00fcgt.<\/p>\n<p>&nbsp;<\/p>\nngg_shortcode_0_placeholder\n","protected":false},"excerpt":{"rendered":"<p>Westlich des Hundekehlensee liegt das Eisenbahnbetriebswerk mit dem alten Triebwagenschuppen Hundekehle. Der Schuppen ist vom Auerbachtunnel aus zu erreichen. Und zwar \u00fcber eine Einfahrt, welche&hellip;<\/p>\n","protected":false},"author":1,"featured_media":0,"parent":23,"menu_order":0,"comment_status":"closed","ping_status":"closed","template":"template\/full-width.php","meta":{"ngg_post_thumbnail":0,"iawp_total_views":128,"footnotes":""},"class_list":["post-13746","page","type-page","status-publish","hentry"],"_links":{"self":[{"href":"https:\/\/forst-grunewald.de\/index.php?rest_route=\/wp\/v2\/pages\/13746","targetHints":{"allow":["GET"]}}],"collection":[{"href":"https:\/\/forst-grunewald.de\/index.php?rest_route=\/wp\/v2\/pages"}],"about":[{"href":"https:\/\/forst-grunewald.de\/index.php?rest_route=\/wp\/v2\/types\/page"}],"author":[{"embeddable":true,"href":"https:\/\/forst-grunewald.de\/index.php?rest_route=\/wp\/v2\/users\/1"}],"replies":[{"embeddable":true,"href":"https:\/\/forst-grunewald.de\/index.php?rest_route=%2Fwp%2Fv2%2Fcomments&post=13746"}],"version-history":[{"count":5,"href":"https:\/\/forst-grunewald.de\/index.php?rest_route=\/wp\/v2\/pages\/13746\/revisions"}],"predecessor-version":[{"id":41588,"href":"https:\/\/forst-grunewald.de\/index.php?rest_route=\/wp\/v2\/pages\/13746\/revisions\/41588"}],"up":[{"embeddable":true,"href":"https:\/\/forst-grunewald.de\/index.php?rest_route=\/wp\/v2\/pages\/23"}],"wp:attachment":[{"href":"https:\/\/forst-grunewald.de\/index.php?rest_route=%2Fwp%2Fv2%2Fmedia&parent=13746"}],"curies":[{"name":"wp","href":"https:\/\/api.w.org\/{rel}","templated":true}]}}