{"id":10233,"date":"2017-03-21T07:19:43","date_gmt":"2017-03-21T06:19:43","guid":{"rendered":"http:\/\/forst-grunewald.de\/?page_id=10233"},"modified":"2024-06-12T04:00:11","modified_gmt":"2024-06-12T03:00:11","slug":"mortzfeldtsche-loecher","status":"publish","type":"page","link":"https:\/\/forst-grunewald.de\/?page_id=10233","title":{"rendered":"Mortzfeldt\u2019sche L\u00f6cher"},"content":{"rendered":"<figure id=\"attachment_10242\" aria-describedby=\"caption-attachment-10242\" style=\"width: 640px\" class=\"wp-caption alignright\"><a href=\"https:\/\/forst-grunewald.de\/wp-content\/uploads\/2017-03-22-Dachsberg-Eines-der-Mortzfeldt\u2019sches-Loecher-klein.jpg\" target=\"_blank\" rel=\"noopener noreferrer\"><img loading=\"lazy\" decoding=\"async\" class=\"wp-image-10242\" src=\"https:\/\/forst-grunewald.de\/wp-content\/uploads\/2017-03-22-Dachsberg-Eines-der-Mortzfeldt\u2019sches-Loecher-klein-1600x1422.jpg\" alt=\"\" width=\"640\" height=\"569\" srcset=\"https:\/\/forst-grunewald.de\/wp-content\/uploads\/2017-03-22-Dachsberg-Eines-der-Mortzfeldt\u2019sches-Loecher-klein.jpg 1600w, https:\/\/forst-grunewald.de\/wp-content\/uploads\/2017-03-22-Dachsberg-Eines-der-Mortzfeldt\u2019sches-Loecher-klein-169x150.jpg 169w, https:\/\/forst-grunewald.de\/wp-content\/uploads\/2017-03-22-Dachsberg-Eines-der-Mortzfeldt\u2019sches-Loecher-klein-338x300.jpg 338w, https:\/\/forst-grunewald.de\/wp-content\/uploads\/2017-03-22-Dachsberg-Eines-der-Mortzfeldt\u2019sches-Loecher-klein-768x683.jpg 768w\" sizes=\"auto, (max-width: 640px) 100vw, 640px\" \/><\/a><figcaption id=\"caption-attachment-10242\" class=\"wp-caption-text\">Eines der Mortzfeldt\u2019schen L\u00f6cher auf dem Dachsberg bei Schildhorn, <strong>Inseln<\/strong> aus <a href=\"https:\/\/forst-grunewald.de\/?page_id=3031\" target=\"_blank\" rel=\"noopener noreferrer\">Buchen<\/a> und <a href=\"https:\/\/forst-grunewald.de\/?page_id=164\" target=\"_blank\" rel=\"noopener noreferrer\">Eichen<\/a>, umgeben von <a href=\"https:\/\/forst-grunewald.de\/?page_id=184\" target=\"_blank\" rel=\"noopener noreferrer\">Kiefern<\/a>.<\/figcaption><\/figure>\n<p><strong><em>&#8222;Einbau edler Holzarten im Wege l\u00f6scherweisen Vorbaus&#8220;<\/em><\/strong><\/p>\n<p style=\"text-align: justify;\">&#8222;Beginnend in den 60er Jahren des 19. Jahrhunderts wurde in Preu\u00dfen ein Vorverj\u00fcngungsbetrieb praktiziert, der sp\u00e4ter nach seinem st\u00e4rksten Protagonisten, dem Oberforstmeister Justus Erdmann Samuel Ulrich MORTZFELDT, als \u201eMORTZFELDTscher Vorverj\u00fcngungsbetrieb\u201c und die durch die zur Initiierung gef\u00fchrten Hiebe entstandenen Bestandesstrukturen als \u201eMORTZFELDTsche L\u00f6cher\u201c bezeichnet wurden. Dabei handelt es sich um eine gruppen- bis horstweise Einmischung von haupts\u00e4chlich Eichen in Kiefern- und Buchenbest\u00e4nden. Die Mehrzahl dieser Lochbest\u00e4nde ist heute zwischen 90 und 130 Jahre alt.&#8220;, schrieb Herr Dr. Gernold Bilke 2004 in seiner Dissertation:<\/p>\n<ul style=\"text-align: justify;\">\n<li><a href=\"https:\/\/www.google.de\/url?sa=t&amp;rct=j&amp;q=&amp;esrc=s&amp;source=web&amp;cd=2&amp;ved=0ahUKEwiI5Kua5eLSAhWKiiwKHTfwBGkQFggoMAE&amp;url=https%3A%2F%2Ffreidok.uni-freiburg.de%2Fdnb%2Fdownload%2F1743&amp;usg=AFQjCNGBHjRuLkot3s0NqYAPFAZWlz0-0A&amp;bvm=bv.149760088,d.bGg&amp;cad=rja\" target=\"_blank\" rel=\"noopener noreferrer\">Waldumbau in Nordostdeutschland durch Eichennachzucht in MORTZFELDTschen L\u00f6chern<\/a><\/li>\n<\/ul>\n<p style=\"text-align: justify;\">Auch im Grunewald gibt es derartige \u201eMORTZFELDTsche L\u00f6cher\u201c, und zwar auf dem 61 Meter hohen <a href=\"https:\/\/forst-grunewald.de\/?page_id=291\" target=\"_blank\" rel=\"noopener noreferrer\">Dachsberg<\/a> an der Havel bei Schildhorn. Darauf wies fr\u00fcher einmal auch die Senatsverwaltung f\u00fcr Umwelt, Verkehr und Klimaschutz hin:<\/p>\n<ul style=\"text-align: justify;\">\n<li>Havelh\u00f6henweg &#8211; Wanderwissenspunkt 08 <a href=\"https:\/\/forst-grunewald.de\/wp-content\/uploads\/2008-SenVStadt-Mortzfeldsche-Loecher-Havelhoehenweg-Punkt-08.jpg\" target=\"_blank\" rel=\"noopener noreferrer\">Die &#8222;Mortzfeldt&#8217;schen L\u00f6cher&#8220;<\/a><\/li>\n<\/ul>\n<p style=\"text-align: justify;\">Die dortigen &#8222;L\u00f6cher&#8220; bestehen heute aus einer Mischung aus <a href=\"https:\/\/forst-grunewald.de\/?page_id=3031\" target=\"_blank\" rel=\"noopener noreferrer\">Buchen<\/a> und <a href=\"https:\/\/forst-grunewald.de\/?page_id=164\" target=\"_blank\" rel=\"noopener noreferrer\">Eichen<\/a>, wobei ich das Verh\u00e4ltnis &#8222;Pi mal Daumen&#8220; auf 65 zu 35 Prozent sch\u00e4tze. Der Dachsberg ist heute relativ wenig belaufen. Insbesondere um die 1900-Jahrhundertwende, aber auch in der West-Berliner-Zeit, wurde auch dieses Areal sicher gut besucht, was daran abzulesen ist, das viele der &#8222;MORTZFELDTschen-Buchen&#8220; auf ihrer empfindlichen Rinde Schnitzkerben von Liebespaaren und sich sonstwie selbst verewigten Zeitgenossen aufweisen. Ein kleiner Trost ist, dass diese Kerbungen heute zum Teil nicht mehr zu entziffern sind, die absichtliche &#8211; und vielleicht auch gedankenlose &#8211; Besch\u00e4digung der Baumrinde hat also gerade eben nicht wie gew\u00fcnscht konservierend die Ewigkeit \u00fcberdauert, was beweist, wie \u00fcberfl\u00fcssig derartige Baumbesch\u00e4digungen sind, wenn der Baum sie den \u00fcberlebt, denn gerade Buchen haben nur eine sehr d\u00fcnne und daher sehr empfindliche Rinde.<\/p>\n<p>Weitere Motzfeldtsche L\u00f6cher gibt es im Grunewald in der N\u00e4he des <a href=\"https:\/\/forst-grunewald.de\/?page_id=1893\" target=\"_blank\" rel=\"noopener noreferrer\">Havelberges, <\/a>des <a href=\"https:\/\/forst-grunewald.de\/?page_id=800\" target=\"_blank\" rel=\"noopener noreferrer\">Grunewaldsees<\/a>, des ehemaligen <a href=\"https:\/\/forst-grunewald.de\/?page_id=5333\" target=\"_blank\" rel=\"noopener noreferrer\">Hochschulsportplatzes<\/a> und bei Wannsee (siehe Galerie).<\/p>\n<p style=\"text-align: justify;\">In den fr\u00fcheren Land- und Wanderkarten des Grunewaldes finden sich auf die &#8222;L\u00f6cher&#8220; leider keine Hinweise.<\/p>\n<p style=\"text-align: justify;\">Lebenslauf <strong>Justus<\/strong> Erdmann Samuel Ulrich <strong>Mortzfeldt<\/strong>:<\/p>\n<ul style=\"text-align: justify;\">\n<li>geboren am 19.01.1828 in Ostpreu\u00dfen<\/li>\n<li>ab 1848 Studium in Eberswalde<\/li>\n<li>vor 1867 Forstmeister und Inspektionsbeamter im Raum Mohrungen<\/li>\n<li>sp\u00e4ter Oberforstmeister in Posen<\/li>\n<li>seit Ende der 1880er Jahre wieder in K\u00f6nigsberg<\/li>\n<li>verstorben Februar 1902 (in Berlin?)<\/li>\n<\/ul>\n<p style=\"text-align: justify;\">Die Frage, die ich mir stelle, ist, ob derartige \u201eMORTZFELDTsche L\u00f6cher\u201c nicht eine schonende Alternative zu dem Mischwaldprogramm darstellen k\u00f6nnten, wie es von den Berliner Forsten unter Einsatz von schweren Maschinen seit einigen Jahren radikal umgesetzt wird: <a href=\"https:\/\/forst-grunewald.de\/?page_id=5672\" target=\"_blank\" rel=\"noopener noreferrer\">WALDUMBAU<\/a><\/p>\n<p><span style=\"color: #ffffff;\">.<\/span><\/p>\n<p><span style=\"color: #ffffff;\">.<\/span><\/p>\nngg_shortcode_0_placeholder\n<p>&nbsp;<\/p>\n","protected":false},"excerpt":{"rendered":"<p>&#8222;Einbau edler Holzarten im Wege l\u00f6scherweisen Vorbaus&#8220; &#8222;Beginnend in den 60er Jahren des 19. Jahrhunderts wurde in Preu\u00dfen ein Vorverj\u00fcngungsbetrieb praktiziert, der sp\u00e4ter nach seinem&hellip;<\/p>\n","protected":false},"author":1,"featured_media":0,"parent":5672,"menu_order":3,"comment_status":"closed","ping_status":"closed","template":"template-fullwidth.php","meta":{"ngg_post_thumbnail":0,"iawp_total_views":200,"footnotes":""},"class_list":["post-10233","page","type-page","status-publish","hentry"],"_links":{"self":[{"href":"https:\/\/forst-grunewald.de\/index.php?rest_route=\/wp\/v2\/pages\/10233","targetHints":{"allow":["GET"]}}],"collection":[{"href":"https:\/\/forst-grunewald.de\/index.php?rest_route=\/wp\/v2\/pages"}],"about":[{"href":"https:\/\/forst-grunewald.de\/index.php?rest_route=\/wp\/v2\/types\/page"}],"author":[{"embeddable":true,"href":"https:\/\/forst-grunewald.de\/index.php?rest_route=\/wp\/v2\/users\/1"}],"replies":[{"embeddable":true,"href":"https:\/\/forst-grunewald.de\/index.php?rest_route=%2Fwp%2Fv2%2Fcomments&post=10233"}],"version-history":[{"count":33,"href":"https:\/\/forst-grunewald.de\/index.php?rest_route=\/wp\/v2\/pages\/10233\/revisions"}],"predecessor-version":[{"id":41494,"href":"https:\/\/forst-grunewald.de\/index.php?rest_route=\/wp\/v2\/pages\/10233\/revisions\/41494"}],"up":[{"embeddable":true,"href":"https:\/\/forst-grunewald.de\/index.php?rest_route=\/wp\/v2\/pages\/5672"}],"wp:attachment":[{"href":"https:\/\/forst-grunewald.de\/index.php?rest_route=%2Fwp%2Fv2%2Fmedia&parent=10233"}],"curies":[{"name":"wp","href":"https:\/\/api.w.org\/{rel}","templated":true}]}}